{"id":207,"date":"2020-09-15T09:52:01","date_gmt":"2020-09-15T09:52:01","guid":{"rendered":"http:\/\/bandimegoldja.hu\/?page_id=207"},"modified":"2024-07-23T05:26:41","modified_gmt":"2024-07-23T05:26:41","slug":"udvozlom","status":"publish","type":"page","link":"https:\/\/bandimegoldja.hu\/","title":{"rendered":"\u00dcdv\u00f6zl\u00f6m a honlapomon!"},"content":{"rendered":"\n<h2 class=\"wp-block-heading\"><\/h2>\n\n\n\n<p class=\"has-black-color has-text-color\">Egy teljes fel\u00faj\u00edt\u00e1s\u00a0vagy ak\u00e1r csak egy kisebb jav\u00edt\u00e1s nagyon stresszes \u00e9s dr\u00e1ga tud lenni, amennyiben nem a megfelel\u0151 szakembert tal\u00e1ljuk meg a munk\u00e1ra. Egy j\u00f3 szakember felbecs\u00fclhetetlen, aki ny\u00edltan elmondja a lehet\u0151s\u00e9geket \u00e9s \u00f6tleteket ad, de a v\u00e9gs\u0151 d\u00f6nt\u00e9st mindig a megrendel\u0151nek kell meghoznia.<\/p>\n\n\n\n<p class=\"has-black-color has-text-color\">\u00c1raj\u00e1nlatot csak akkor lehet hitelesen adni, amennyiben eld\u0151lt mi a feladat \u00e9s hogyan lesz kivitelezve. Ha a d\u00f6nt\u00e9s k\u00e9pl\u00e9keny, vagy a kivitelez\u00e9s sor\u00e1n v\u00e1ltozik, akkor az \u00e1r is v\u00e1ltozni fog. Sz\u00edvesen adok \u00f6tleteket, tan\u00e1csokat, javaslatokat, felv\u00e1zolok opci\u00f3kat k\u00fcl\u00f6nb\u00f6z\u0151 \u00e1rfekv\u00e9sben de a kivitelez\u00e9s elkezd\u00e9sekor kell egy vil\u00e1gos elk\u00e9pzel\u00e9s mi \u00e9s hogyan val\u00f3suljon meg.<\/p>\n\n\n\n<p class=\"has-black-color has-text-color\">Ne feledje, fel\u00faj\u00edtani <strong>MINDIG <\/strong>\u00e9rdemes, mert megn\u00f6veli az ingatlan \u00e9rt\u00e9k\u00e9t, otthonosabb\u00e1 teszi, jobb helykihaszn\u00e1l\u00e1st eredm\u00e9nyez, vagy ak\u00e1rcsak alkalmazkodik egy \u00faj \u00e9lethelyzethez, n\u00f6vekv\u0151 vagy v\u00e1ltoz\u00f3 csal\u00e1dhoz. Kisebb vagy \u00e9ppen nagyobb munk\u00e1kra van sz\u00fcks\u00e9ge, keressen meg, \u00e9s nem fog bennem csal\u00f3dni, tartom az \u00e1rat \u00e9s a v\u00e1llalt hat\u00e1rid\u0151ket is ! Ha felkeltettem \u00e9rdekl\u0151d\u00e9s\u00e9t keressen telefonon \u00e9s kezdj\u00fcnk bele \u00e1lmai megval\u00f3s\u00edt\u00e1s\u00e1ba !<\/p>\n\n\n\n<p class=\"has-black-color has-text-color\"><\/p>\n\n\n\n<p class=\"has-vivid-red-color has-text-color\" style=\"font-size:16px\">Tisztelt \u00e9rdekl\u0151d\u0151 KIZ\u00c1R\u00d3LAG \u00edr\u00e1sban adok \u00e1raj\u00e1nlatot &#8211; b\u00e1rmilyen kis \u00f6sszegr\u0151l &#8211; helysz\u00edni felm\u00e9r\u00e9s ut\u00e1n!<\/p>\n\n\n\n<p style=\"font-size:16px\">K\u00e9rem vegye figyelembe, hogy csak MAG\u00c1NSZEM\u00c9LYEKNEK tudok sz\u00e1ml\u00e1zni!<\/p>\n\n\n\n<p><\/p>\n\n\n\n<p><\/p>\n","protected":false},"excerpt":{"rendered":"<p>Egy teljes fel\u00faj\u00edt\u00e1s\u00a0vagy ak\u00e1r csak egy kisebb jav\u00edt\u00e1s nagyon stresszes \u00e9s dr\u00e1ga tud lenni, amennyiben nem a megfelel\u0151 szakembert tal\u00e1ljuk meg a munk\u00e1ra. Egy j\u00f3 szakember felbecs\u00fclhetetlen, aki ny\u00edltan elmondja a lehet\u0151s\u00e9geket \u00e9s \u00f6tleteket ad, de a v\u00e9gs\u0151 d\u00f6nt\u00e9st mindig a megrendel\u0151nek kell meghoznia. \u00c1raj\u00e1nlatot csak akkor lehet hitelesen adni, amennyiben eld\u0151lt mi a feladat [&hellip;]<\/p>\n","protected":false},"author":1,"featured_media":0,"parent":0,"menu_order":0,"comment_status":"closed","ping_status":"closed","template":"","meta":{"footnotes":""},"class_list":["post-207","page","type-page","status-publish","hentry"],"_links":{"self":[{"href":"https:\/\/bandimegoldja.hu\/index.php?rest_route=\/wp\/v2\/pages\/207","targetHints":{"allow":["GET"]}}],"collection":[{"href":"https:\/\/bandimegoldja.hu\/index.php?rest_route=\/wp\/v2\/pages"}],"about":[{"href":"https:\/\/bandimegoldja.hu\/index.php?rest_route=\/wp\/v2\/types\/page"}],"author":[{"embeddable":true,"href":"https:\/\/bandimegoldja.hu\/index.php?rest_route=\/wp\/v2\/users\/1"}],"replies":[{"embeddable":true,"href":"https:\/\/bandimegoldja.hu\/index.php?rest_route=%2Fwp%2Fv2%2Fcomments&post=207"}],"version-history":[{"count":48,"href":"https:\/\/bandimegoldja.hu\/index.php?rest_route=\/wp\/v2\/pages\/207\/revisions"}],"predecessor-version":[{"id":385,"href":"https:\/\/bandimegoldja.hu\/index.php?rest_route=\/wp\/v2\/pages\/207\/revisions\/385"}],"wp:attachment":[{"href":"https:\/\/bandimegoldja.hu\/index.php?rest_route=%2Fwp%2Fv2%2Fmedia&parent=207"}],"curies":[{"name":"wp","href":"https:\/\/api.w.org\/{rel}","templated":true}]}}